{"id":80,"date":"2021-09-28T13:49:45","date_gmt":"2021-09-28T13:49:45","guid":{"rendered":"http:\/\/www.isn.si\/?page_id=80"},"modified":"2022-04-19T10:51:12","modified_gmt":"2022-04-19T10:51:12","slug":"varovanje-osebnih-podatkov","status":"publish","type":"page","link":"https:\/\/www.isn.si\/en\/varovanje-osebnih-podatkov\/","title":{"rendered":"The protection of your personal data"},"content":{"rendered":"<div data-elementor-type=\"wp-page\" data-elementor-id=\"80\" class=\"elementor elementor-80\">\n\t\t\t\t\t\t\t\t\t<section class=\"elementor-section elementor-top-section elementor-element elementor-element-46ebe77 elementor-section-boxed elementor-section-height-default elementor-section-height-default\" data-id=\"46ebe77\" data-element_type=\"section\" data-settings=\"{&quot;background_background&quot;:&quot;classic&quot;}\">\n\t\t\t\t\t\t<div class=\"elementor-container elementor-column-gap-default\">\n\t\t\t\t\t<div class=\"elementor-column elementor-col-100 elementor-top-column elementor-element elementor-element-c637e3c\" data-id=\"c637e3c\" data-element_type=\"column\">\n\t\t\t<div class=\"elementor-widget-wrap elementor-element-populated\">\n\t\t\t\t\t\t\t\t<section class=\"elementor-section elementor-inner-section elementor-element elementor-element-caa5ae9 elementor-section-boxed elementor-section-height-default elementor-section-height-default\" data-id=\"caa5ae9\" data-element_type=\"section\">\n\t\t\t\t\t\t<div class=\"elementor-container elementor-column-gap-no\">\n\t\t\t\t\t<div class=\"elementor-column elementor-col-50 elementor-inner-column elementor-element elementor-element-4eb5368\" data-id=\"4eb5368\" data-element_type=\"column\">\n\t\t\t<div class=\"elementor-widget-wrap elementor-element-populated\">\n\t\t\t\t\t\t\t\t<div class=\"elementor-element elementor-element-680529d elementor-widget elementor-widget-heading\" data-id=\"680529d\" data-element_type=\"widget\" data-widget_type=\"heading.default\">\n\t\t\t\t<div class=\"elementor-widget-container\">\n\t\t\t<style>\/*! elementor - v3.6.4 - 13-04-2022 *\/\n.elementor-heading-title{padding:0;margin:0;line-height:1}.elementor-widget-heading .elementor-heading-title[class*=elementor-size-]>a{color:inherit;font-size:inherit;line-height:inherit}.elementor-widget-heading .elementor-heading-title.elementor-size-small{font-size:15px}.elementor-widget-heading .elementor-heading-title.elementor-size-medium{font-size:19px}.elementor-widget-heading .elementor-heading-title.elementor-size-large{font-size:29px}.elementor-widget-heading .elementor-heading-title.elementor-size-xl{font-size:39px}.elementor-widget-heading .elementor-heading-title.elementor-size-xxl{font-size:59px}<\/style><h1 class=\"elementor-heading-title elementor-size-default\">The protection of your personal data<\/h1>\t\t<\/div>\n\t\t\t\t<\/div>\n\t\t\t\t\t<\/div>\n\t\t<\/div>\n\t\t\t\t<div class=\"elementor-column elementor-col-50 elementor-inner-column elementor-element elementor-element-4103a0c\" data-id=\"4103a0c\" data-element_type=\"column\">\n\t\t\t<div class=\"elementor-widget-wrap\">\n\t\t\t\t\t\t\t\t\t<\/div>\n\t\t<\/div>\n\t\t\t\t\t\t\t<\/div>\n\t\t<\/section>\n\t\t\t\t\t<\/div>\n\t\t<\/div>\n\t\t\t\t\t\t\t<\/div>\n\t\t<\/section>\n\t\t\t\t<section class=\"elementor-section elementor-top-section elementor-element elementor-element-0d74774 elementor-section-boxed elementor-section-height-default elementor-section-height-default\" data-id=\"0d74774\" data-element_type=\"section\">\n\t\t\t\t\t\t<div class=\"elementor-container elementor-column-gap-default\">\n\t\t\t\t\t<div class=\"elementor-column elementor-col-50 elementor-top-column elementor-element elementor-element-2ecacb9\" data-id=\"2ecacb9\" data-element_type=\"column\">\n\t\t\t<div class=\"elementor-widget-wrap elementor-element-populated\">\n\t\t\t\t\t\t\t\t<div class=\"elementor-element elementor-element-da52fbf elementor-widget elementor-widget-heading\" data-id=\"da52fbf\" data-element_type=\"widget\" data-widget_type=\"heading.default\">\n\t\t\t\t<div class=\"elementor-widget-container\">\n\t\t\t<h2 class=\"elementor-heading-title elementor-size-default\">Protection of personal data of the Innovation Service Network podjetni\u0161ko in poslovno svetovanje d.o.o. (ISN d.o.o.), Zgornja Hajdina 159, 2250 Ptuj<\/h2>\t\t<\/div>\n\t\t\t\t<\/div>\n\t\t\t\t<div class=\"elementor-element elementor-element-08085df elementor-view-default elementor-widget elementor-widget-icon\" data-id=\"08085df\" data-element_type=\"widget\" data-widget_type=\"icon.default\">\n\t\t\t\t<div class=\"elementor-widget-container\">\n\t\t\t\t\t<div class=\"elementor-icon-wrapper\">\n\t\t\t<div class=\"elementor-icon\">\n\t\t\t<svg xmlns=\"http:\/\/www.w3.org\/2000\/svg\" width=\"16\" height=\"51\" viewbox=\"0 0 16 51\" fill=\"none\"><path d=\"M5.32 9.39031e-09L5.32 18.4161C7.88 18.2801 13 19.3948 13 24.9407C13 31.8731 2.92 32.2807 1 29.0185L1 39.2132L13 39.2132L5.32 49L1 43.6989\" stroke=\"#E6293F\" stroke-width=\"2\"><\/path><\/svg>\t\t\t<\/div>\n\t\t<\/div>\n\t\t\t\t<\/div>\n\t\t\t\t<\/div>\n\t\t\t\t\t<\/div>\n\t\t<\/div>\n\t\t\t\t<div class=\"elementor-column elementor-col-50 elementor-top-column elementor-element elementor-element-a5c10ce\" data-id=\"a5c10ce\" data-element_type=\"column\">\n\t\t\t<div class=\"elementor-widget-wrap\">\n\t\t\t\t\t\t\t\t\t<\/div>\n\t\t<\/div>\n\t\t\t\t\t\t\t<\/div>\n\t\t<\/section>\n\t\t\t\t<section class=\"elementor-section elementor-top-section elementor-element elementor-element-e22d449 elementor-section-boxed elementor-section-height-default elementor-section-height-default\" data-id=\"e22d449\" data-element_type=\"section\">\n\t\t\t\t\t\t<div class=\"elementor-container elementor-column-gap-default\">\n\t\t\t\t\t<div class=\"elementor-column elementor-col-100 elementor-top-column elementor-element elementor-element-5e42ec3\" data-id=\"5e42ec3\" data-element_type=\"column\">\n\t\t\t<div class=\"elementor-widget-wrap elementor-element-populated\">\n\t\t\t\t\t\t\t\t<div class=\"elementor-element elementor-element-c2738cf elementor-widget elementor-widget-text-editor\" data-id=\"c2738cf\" data-element_type=\"widget\" data-widget_type=\"text-editor.default\">\n\t\t\t\t<div class=\"elementor-widget-container\">\n\t\t\t<style>\/*! elementor - v3.6.4 - 13-04-2022 *\/\n.elementor-widget-text-editor.elementor-drop-cap-view-stacked .elementor-drop-cap{background-color:#818a91;color:#fff}.elementor-widget-text-editor.elementor-drop-cap-view-framed .elementor-drop-cap{color:#818a91;border:3px solid;background-color:transparent}.elementor-widget-text-editor:not(.elementor-drop-cap-view-default) .elementor-drop-cap{margin-top:8px}.elementor-widget-text-editor:not(.elementor-drop-cap-view-default) .elementor-drop-cap-letter{width:1em;height:1em}.elementor-widget-text-editor .elementor-drop-cap{float:left;text-align:center;line-height:1;font-size:50px}.elementor-widget-text-editor .elementor-drop-cap-letter{display:inline-block}<\/style>\t\t\t\t<p>Innovation Service Network podjetni\u0161ko in poslovno svetoavnje d.o.o. (ISN d.o.o.), Zgornja Hajdina 159, 2250 Ptuj, strives for the highest standards of protection for personal data and only processes personal data if you explicitly allow it.<\/p><p><b>Your privacy <\/b><br \/>Your privacy is very important to us under our Privacy Policy. In order to adequately protect your privacy, we are providing you with this notice explaining our online information practices and the choices you can make about how your information is collected and used. The notice is available on our home page and in any instance where personal information may be requested.<\/p><p><b>Collection of personal data<\/b><br \/>By providing the data that the individual provides when filling in the contact form on our website, the individual agrees that our company manages, maintains, stores and controls the collection of personal data collected in accordance with the Personal Data Protection Act (ZVOP-1-UPB1, Official Gazette of the Republic of Slovenia, No. 94\/2007 and GDPR). We store and process the collected data until cancellation for the sole purpose of using your data to contact you on the basis of your enquiry. We do not process your data for other purposes and do not pass it on to third parties. The contact form does not store data on a server. Your data requested within the contact form is forwarded to our general email address: pisarna@isn.si.<\/p><p><b>Website user declaration<\/b><br \/>I agree with this statement that ISN d.o.o. (henceforth: the company), processes my submitted data for the purposes of informing about novelties and for the purposes of direct marketing of their products or services (advertising, offers, invitations,\u2026<\/p><p>I am aware that:<\/p><ul><li>I can contact the person authorized for the protection of personal data at the company via the e-mail address: pisarna@isn.si;<\/li><li>personal data will not be processed for any purpose other than the above and will be deleted upon termination;<\/li><li>personal data will not be passed on to third parties except those users who have a basis in law, contract or other legal basis for this;<\/li><li>personal data obtained on the basis of consent and for the purpose of consent will be processed until I revoke (withdraw) the consent (consent) or until I notify the request for deletion of data from databases. I can revoke my consent to the processing of data for the above purpose at any time, temporarily or permanently, by clicking on the marked unsubscribe link in the e-mail or by calling the appropriate telephone number. In this case, the revocation of the consent does not affect the legality of the processing carried out on its basis until its revocation;<\/li><li>by law, I have the right to request from the company access to data, their correction, deletion or restriction of processing, and the right to file an objection against the processing of personal data and a request for the transfer of personal data. I can exercise these rights with a request sent to (electronic) address: pisarna@isn.si;<\/li><li>personal data from the company's databases may also be processed for the purpose specified in the consent by contractual partners with whom the company has concluded contracts on the processing of personal data and who can at the same time ensure an appropriate high level of personal data protection;<\/li><li>I can file a complaint with the supervisory body (Information Commissioner of the Republic of Slovenia) if the processing of personal data would not be in accordance with the regulations;<\/li><li>promotional messages can be delivered in the context of segmented direct marketing, which may include profiling to ensure that information is sent that is as tailored as possible to my needs and interests based on an analysis of my activities and interests;<\/li><\/ul><p>\u00a0<\/p><p><b>Changes to this privacy statement<\/b><br \/>The content of this statement can be found in the company ISN d.o.o. at any time in our sole discretion.<\/p>\t\t\t\t\t\t<\/div>\n\t\t\t\t<\/div>\n\t\t\t\t\t<\/div>\n\t\t<\/div>\n\t\t\t\t\t\t\t<\/div>\n\t\t<\/section>\n\t\t\t\t\t\t\t<\/div>","protected":false},"excerpt":{"rendered":"<p>Varovanje osebnih podatkov Varovanje osebnih podatkov podjetja Innovation Service Network podjetni\u0161ko in poslovno svetovanje d.o.o. (ISN d.o.o.), Zgornja Hajdina 159, 2250 Ptuj Podjetje Innovation Service Network podjetni\u0161ko in poslovno svetoavnje d.o.o. (ISN d.o.o.), Zgornja Hajdina 159, 2250 Ptuj, stremi k najvi\u0161jim standardom varstva osebnih podatkov, ki jih obdeluje le, \u010de vi to izrecno dovolite. Va\u0161a [&hellip;]<\/p>","protected":false},"author":9,"featured_media":0,"parent":0,"menu_order":0,"comment_status":"closed","ping_status":"closed","template":"","meta":{"footnotes":""},"class_list":["post-80","page","type-page","status-publish","hentry"],"acf":[],"_links":{"self":[{"href":"https:\/\/www.isn.si\/en\/wp-json\/wp\/v2\/pages\/80","targetHints":{"allow":["GET"]}}],"collection":[{"href":"https:\/\/www.isn.si\/en\/wp-json\/wp\/v2\/pages"}],"about":[{"href":"https:\/\/www.isn.si\/en\/wp-json\/wp\/v2\/types\/page"}],"author":[{"embeddable":true,"href":"https:\/\/www.isn.si\/en\/wp-json\/wp\/v2\/users\/9"}],"replies":[{"embeddable":true,"href":"https:\/\/www.isn.si\/en\/wp-json\/wp\/v2\/comments?post=80"}],"version-history":[{"count":9,"href":"https:\/\/www.isn.si\/en\/wp-json\/wp\/v2\/pages\/80\/revisions"}],"predecessor-version":[{"id":6003,"href":"https:\/\/www.isn.si\/en\/wp-json\/wp\/v2\/pages\/80\/revisions\/6003"}],"wp:attachment":[{"href":"https:\/\/www.isn.si\/en\/wp-json\/wp\/v2\/media?parent=80"}],"curies":[{"name":"wp","href":"https:\/\/api.w.org\/{rel}","templated":true}]}}