{"id":5930,"date":"2022-04-18T22:05:01","date_gmt":"2022-04-18T22:05:01","guid":{"rendered":"https:\/\/www.isn.si\/?page_id=5930"},"modified":"2022-04-18T22:12:11","modified_gmt":"2022-04-18T22:12:11","slug":"cookies","status":"publish","type":"page","link":"https:\/\/www.isn.si\/en\/cookies\/","title":{"rendered":"Cookies"},"content":{"rendered":"<div data-elementor-type=\"wp-page\" data-elementor-id=\"5930\" class=\"elementor elementor-5930\">\n\t\t\t\t\t\t\t\t\t<section class=\"elementor-section elementor-top-section elementor-element elementor-element-46ebe77 elementor-section-boxed elementor-section-height-default elementor-section-height-default\" data-id=\"46ebe77\" data-element_type=\"section\" data-settings=\"{&quot;background_background&quot;:&quot;classic&quot;}\">\n\t\t\t\t\t\t<div class=\"elementor-container elementor-column-gap-default\">\n\t\t\t\t\t<div class=\"elementor-column elementor-col-100 elementor-top-column elementor-element elementor-element-c637e3c\" data-id=\"c637e3c\" data-element_type=\"column\">\n\t\t\t<div class=\"elementor-widget-wrap elementor-element-populated\">\n\t\t\t\t\t\t\t\t<section class=\"elementor-section elementor-inner-section elementor-element elementor-element-caa5ae9 elementor-section-boxed elementor-section-height-default elementor-section-height-default\" data-id=\"caa5ae9\" data-element_type=\"section\">\n\t\t\t\t\t\t<div class=\"elementor-container elementor-column-gap-no\">\n\t\t\t\t\t<div class=\"elementor-column elementor-col-50 elementor-inner-column elementor-element elementor-element-4eb5368\" data-id=\"4eb5368\" data-element_type=\"column\">\n\t\t\t<div class=\"elementor-widget-wrap elementor-element-populated\">\n\t\t\t\t\t\t\t\t<div class=\"elementor-element elementor-element-680529d elementor-widget elementor-widget-heading\" data-id=\"680529d\" data-element_type=\"widget\" data-widget_type=\"heading.default\">\n\t\t\t\t<div class=\"elementor-widget-container\">\n\t\t\t<style>\/*! elementor - v3.6.4 - 13-04-2022 *\/\n.elementor-heading-title{padding:0;margin:0;line-height:1}.elementor-widget-heading .elementor-heading-title[class*=elementor-size-]>a{color:inherit;font-size:inherit;line-height:inherit}.elementor-widget-heading .elementor-heading-title.elementor-size-small{font-size:15px}.elementor-widget-heading .elementor-heading-title.elementor-size-medium{font-size:19px}.elementor-widget-heading .elementor-heading-title.elementor-size-large{font-size:29px}.elementor-widget-heading .elementor-heading-title.elementor-size-xl{font-size:39px}.elementor-widget-heading .elementor-heading-title.elementor-size-xxl{font-size:59px}<\/style><h1 class=\"elementor-heading-title elementor-size-default\">Policy on cookies<\/h1>\t\t<\/div>\n\t\t\t\t<\/div>\n\t\t\t\t\t<\/div>\n\t\t<\/div>\n\t\t\t\t<div class=\"elementor-column elementor-col-50 elementor-inner-column elementor-element elementor-element-4103a0c\" data-id=\"4103a0c\" data-element_type=\"column\">\n\t\t\t<div class=\"elementor-widget-wrap\">\n\t\t\t\t\t\t\t\t\t<\/div>\n\t\t<\/div>\n\t\t\t\t\t\t\t<\/div>\n\t\t<\/section>\n\t\t\t\t\t<\/div>\n\t\t<\/div>\n\t\t\t\t\t\t\t<\/div>\n\t\t<\/section>\n\t\t\t\t<section class=\"elementor-section elementor-top-section elementor-element elementor-element-0d74774 elementor-section-boxed elementor-section-height-default elementor-section-height-default\" data-id=\"0d74774\" data-element_type=\"section\">\n\t\t\t\t\t\t<div class=\"elementor-container elementor-column-gap-default\">\n\t\t\t\t\t<div class=\"elementor-column elementor-col-50 elementor-top-column elementor-element elementor-element-2ecacb9\" data-id=\"2ecacb9\" data-element_type=\"column\">\n\t\t\t<div class=\"elementor-widget-wrap elementor-element-populated\">\n\t\t\t\t\t\t\t\t<div class=\"elementor-element elementor-element-da52fbf elementor-widget elementor-widget-heading\" data-id=\"da52fbf\" data-element_type=\"widget\" data-widget_type=\"heading.default\">\n\t\t\t\t<div class=\"elementor-widget-container\">\n\t\t\t<h2 class=\"elementor-heading-title elementor-size-default\">This Cookie Policy was last updated on 15 April 2022 and applies to citizens and\nlegal permanent residents of the European Economic Area and Switzerland.<\/h2>\t\t<\/div>\n\t\t\t\t<\/div>\n\t\t\t\t<div class=\"elementor-element elementor-element-08085df elementor-view-default elementor-widget elementor-widget-icon\" data-id=\"08085df\" data-element_type=\"widget\" data-widget_type=\"icon.default\">\n\t\t\t\t<div class=\"elementor-widget-container\">\n\t\t\t\t\t<div class=\"elementor-icon-wrapper\">\n\t\t\t<div class=\"elementor-icon\">\n\t\t\t<svg xmlns=\"http:\/\/www.w3.org\/2000\/svg\" width=\"16\" height=\"51\" viewbox=\"0 0 16 51\" fill=\"none\"><path d=\"M5.32 9.39031e-09L5.32 18.4161C7.88 18.2801 13 19.3948 13 24.9407C13 31.8731 2.92 32.2807 1 29.0185L1 39.2132L13 39.2132L5.32 49L1 43.6989\" stroke=\"#E6293F\" stroke-width=\"2\"><\/path><\/svg>\t\t\t<\/div>\n\t\t<\/div>\n\t\t\t\t<\/div>\n\t\t\t\t<\/div>\n\t\t\t\t\t<\/div>\n\t\t<\/div>\n\t\t\t\t<div class=\"elementor-column elementor-col-50 elementor-top-column elementor-element elementor-element-a5c10ce\" data-id=\"a5c10ce\" data-element_type=\"column\">\n\t\t\t<div class=\"elementor-widget-wrap\">\n\t\t\t\t\t\t\t\t\t<\/div>\n\t\t<\/div>\n\t\t\t\t\t\t\t<\/div>\n\t\t<\/section>\n\t\t\t\t<section class=\"elementor-section elementor-top-section elementor-element elementor-element-e22d449 elementor-section-boxed elementor-section-height-default elementor-section-height-default\" data-id=\"e22d449\" data-element_type=\"section\">\n\t\t\t\t\t\t<div class=\"elementor-container elementor-column-gap-default\">\n\t\t\t\t\t<div class=\"elementor-column elementor-col-100 elementor-top-column elementor-element elementor-element-5e42ec3\" data-id=\"5e42ec3\" data-element_type=\"column\">\n\t\t\t<div class=\"elementor-widget-wrap elementor-element-populated\">\n\t\t\t\t\t\t\t\t<div class=\"elementor-element elementor-element-c2738cf elementor-widget elementor-widget-text-editor\" data-id=\"c2738cf\" data-element_type=\"widget\" data-widget_type=\"text-editor.default\">\n\t\t\t\t<div class=\"elementor-widget-container\">\n\t\t\t<style>\/*! elementor - v3.6.4 - 13-04-2022 *\/\n.elementor-widget-text-editor.elementor-drop-cap-view-stacked .elementor-drop-cap{background-color:#818a91;color:#fff}.elementor-widget-text-editor.elementor-drop-cap-view-framed .elementor-drop-cap{color:#818a91;border:3px solid;background-color:transparent}.elementor-widget-text-editor:not(.elementor-drop-cap-view-default) .elementor-drop-cap{margin-top:8px}.elementor-widget-text-editor:not(.elementor-drop-cap-view-default) .elementor-drop-cap-letter{width:1em;height:1em}.elementor-widget-text-editor .elementor-drop-cap{float:left;text-align:center;line-height:1;font-size:50px}.elementor-widget-text-editor .elementor-drop-cap-letter{display:inline-block}<\/style>\t\t\t\t<p class=\" translation-block\"><strong> 1. Introduction <\/strong> <br> Our website https:\/\/www.isn.si (hereinafter: website) uses cookies and other related technologies <br> (for understanding, all technologies are called cookies). <br> Cookies are also set by third parties we have hired. In the document below, we inform you about<br> the use of cookies <br> on our website.<\/p><p class=\" translation-block\"><strong> 2. What are cookies? <\/strong> <br> A cookie is a small, simple file that is sent along with the pages of this website and stored by your <br> browser on the hard drive of your computer or other device. The data stored there may be returned <br> to our servers or to the servers of relevant third parties at the next visit.<\/p><p class=\" translation-block\"><strong> 3. What are scripts? <\/strong> <br> A script is a piece of code used to make our website work properly and interactively. This code runs <br>on our server or on your device.<\/p><p class=\" translation-block\"><strong> 4. What is a web beacon? <\/strong> <br> A web beacon (or pixel tag) is a small, invisible piece of text or image on a site <br> used to track site traffic. For this purpose, various information about you is stored with the help of online <br> beacons.<\/p><p><strong>5. Cookies<\/strong><\/p><p class=\" translation-block\">5.1 Technical or functional cookies <\/strong> <br> Some cookies ensure that certain parts of the website work properly and that your <br> user settings remain known. By installing functional cookies, we make it easier for you to visit our website. <br>This way, when you visit our website, you do not have to enter the same data more than once and items <br> for example, remain in your shopping cart until you pay. We may place these cookies without your consent.<\/p><p class=\" translation-block\">5.2 Statistical cookies <\/strong> <br> We use statistical cookies to optimize the website for our users. With these <br> statistical cookies we gain insight into the use of our website. We ask for your permission <br> to set statistical cookies.<\/p><p class=\" translation-block\">5.3 Advertising Cookies <\/strong> <br> We use advertising cookies on this website, which allow us to view the results of the campaign. This happens <br>based on the profile we create based on your behavior at https:\/\/isn.si. <br>As a site visitor, you are associated with a unique ID with these cookies, but these cookies will not profile your <br>behavior and interest in displaying customized ads.<\/p><p class=\" translation-block\">5.4 Marketing \/ Tracking Cookies <\/strong> <br> Marketing \/ Tracking Cookies are cookies or any other form of local storage used <br> to create user profiles for displaying advertising or to track a user <br> on this website or on several websites for similar marketing purposes. <br> As these cookies are marked as tracking cookies, please allow permission to set them.<\/p><p class=\" translation-block\">5.5 Social media buttons <\/strong> <br> If we include buttons for Facebook, Twitter, WhatsApp and Instagram on our website to <br>promote websites (e.g. \"like\", \"pin\" ) or sharing (e.g. \u201ctweet\u201d) on social networks such as <br>Facebook, Twitter, WhatsApp and Instagram, learn about their meaning. These <br> buttons work using pieces of code that come from Facebook, Twitter, WhatsApp and<br> Instagram themselves. This code sets cookies. These social media buttons can also store<br> and process certain information so that you can see a customized ad. <br> Read the privacy statement of these social networks (which may change regularly) to read <br>what they do. with your (personal) data processed by these cookies. The data obtained is <br>as anonymous as possible. Facebook, Twitter, WhatsApp and Instagram are located in the <br>United States.<\/p><p><strong>6. Cookies set<\/strong><\/p><p class=\" translation-block\"><strong> 7. Consent <\/strong> <br> The first time you visit our website, we will show you a pop-up window explaining about cookies. <br>As soon as you click \"Save Settings\", you agree to the use of the categories of cookies and <br>plug-ins that you have selected in the pop-up window as described in this cookie policy. You can <br>disable the use of cookies through your browser, but please note that our website may no longer <br>function properly.<\/p><p class=\" translation-block\">7.1 Manage your settings <\/strong> Consent <br> Active Always active &amp; gt; for the sole purpose of transmitting a message via <br> an electronic communications network <br> Statistics <br> Technical storage or access performed exclusively for statistical purposes <br> Marketing <br> Technical storage or access is required to create user profiles , submit ads <br> or track users on one site or sites for similar marketing purposes.<\/p><p class=\" translation-block\"><strong> 8. Your rights regarding personal data <\/strong> <br> You have the following rights regarding your personal data: <br> - You have the right to know why your personal data is needed, what will happen to it and how <br> will be stored for a long time. <br> - Right of access: You have the right to access your personal data known to us. <br> - Right of correction: you have the right to supplement, correct, delete or block your personal data. <br>data whenever you want. <br> - If you give us consent to the processing of your data, you have the right to revoke this consent <br>and delete your personal data. <br> - Right to transfer your data: you have the right to request all your data personal data from the <br> controller and transfer them in full to another controller. <br> - Right to object: you can object to the processing of your data. We take this into account, <br>unless there are good reasons for processing. <br> To exercise these rights, please contact us - contact information is at the end of this content.<br> If you have a complaint about how we handle your data, we would like you to send it to us, <br>but you also have the right to file a complaint with the supervisory authority (Data Protection Authority).<\/p><p class=\" translation-block\"><strong> 9. Enabling \/ Disabling and Deleting Cookies <\/strong> <br> You can use a web browser to delete cookies automatically or manually. You can also specify<br> that certain cookies may not be set. Alternatively, you can change the settings of your <br> Internet browser so that you receive a message each time you set a cookie.<br> For more information on these options, see the instructions in Help in your browser. <br> Please note that our website may not work properly if all cookies are disabled. <br> If you delete cookies in your browser, will be reinstalled with your consent when you visit our website again.<\/p><p class=\" translation-block\"><strong> 10. Contact Information <\/strong> <br> For questions and \/ or comments about our cookie policy and this statement, please contact us at the<br> following contact information:<\/p><p>isn \u2013 innovation service network d.o.o.<br \/>Zgornja Hajdina 159<br \/>2250 Ptuj<br \/>Slovenija<br \/>Website: https:\/\/isn.si<\/p><p>E-mail: pisarna@isn.si<\/p><p>Phone number: +386 31 659337<\/p><p>This cookie policy was synchronized with cookiedatabase.org on December 17, 2021<\/p>\t\t\t\t\t\t<\/div>\n\t\t\t\t<\/div>\n\t\t\t\t\t<\/div>\n\t\t<\/div>\n\t\t\t\t\t\t\t<\/div>\n\t\t<\/section>\n\t\t\t\t\t\t\t<\/div>","protected":false},"excerpt":{"rendered":"<p>Politika pi\u0161kotkov Ta politika pi\u0161kotkov je bila nazadnje posodobljena dne 15. aprila 2022 in velja za dr\u017eavljane in zakonite stalne prebivalce Evropskega gospodarskega prostora in \u0160vice. 1. UvodNa\u0161a spletna stran https:\/\/www.isn.si (v nadaljevanju: &amp;quot;spletna stran&amp;quot;) uporablja pi\u0161kotke in drugepovezane tehnologije (za razumevanje se vse tehnologije imenujejo &amp;quot;pi\u0161kotki&amp;quot;). Pi\u0161kotke postavljajotudi tretje osebe, ki smo jih anga\u017eirali. [&hellip;]<\/p>","protected":false},"author":9,"featured_media":0,"parent":0,"menu_order":0,"comment_status":"closed","ping_status":"closed","template":"","meta":{"footnotes":""},"class_list":["post-5930","page","type-page","status-publish","hentry"],"acf":[],"_links":{"self":[{"href":"https:\/\/www.isn.si\/en\/wp-json\/wp\/v2\/pages\/5930","targetHints":{"allow":["GET"]}}],"collection":[{"href":"https:\/\/www.isn.si\/en\/wp-json\/wp\/v2\/pages"}],"about":[{"href":"https:\/\/www.isn.si\/en\/wp-json\/wp\/v2\/types\/page"}],"author":[{"embeddable":true,"href":"https:\/\/www.isn.si\/en\/wp-json\/wp\/v2\/users\/9"}],"replies":[{"embeddable":true,"href":"https:\/\/www.isn.si\/en\/wp-json\/wp\/v2\/comments?post=5930"}],"version-history":[{"count":4,"href":"https:\/\/www.isn.si\/en\/wp-json\/wp\/v2\/pages\/5930\/revisions"}],"predecessor-version":[{"id":5934,"href":"https:\/\/www.isn.si\/en\/wp-json\/wp\/v2\/pages\/5930\/revisions\/5934"}],"wp:attachment":[{"href":"https:\/\/www.isn.si\/en\/wp-json\/wp\/v2\/media?parent=5930"}],"curies":[{"name":"wp","href":"https:\/\/api.w.org\/{rel}","templated":true}]}}